{"id":3209,"date":"2023-05-25T04:14:21","date_gmt":"2023-05-25T04:14:21","guid":{"rendered":"https:\/\/primandproper.pt\/cookie-policy\/"},"modified":"2023-05-25T04:39:47","modified_gmt":"2023-05-25T04:39:47","slug":"cookie-policy","status":"publish","type":"page","link":"https:\/\/primandproper.pt\/pt-pt\/cookie-policy\/","title":{"rendered":"Cookie Policy"},"content":{"rendered":"\t\t<div data-elementor-type=\"wp-page\" data-elementor-id=\"3209\" class=\"elementor elementor-3209 elementor-3174\" data-elementor-post-type=\"page\">\n\t\t\t\t\t\t<section class=\"elementor-section elementor-top-section elementor-element elementor-element-1dd8764 elementor-section-boxed elementor-section-height-default elementor-section-height-default\" data-id=\"1dd8764\" data-element_type=\"section\">\n\t\t\t\t\t\t<div class=\"elementor-container elementor-column-gap-default\">\n\t\t\t\t\t<div class=\"elementor-column elementor-col-100 elementor-top-column elementor-element elementor-element-ed62fa5\" data-id=\"ed62fa5\" data-element_type=\"column\">\n\t\t\t<div class=\"elementor-widget-wrap elementor-element-populated\">\n\t\t\t\t\t\t<div class=\"elementor-element elementor-element-4fce442 elementor-widget elementor-widget-heading\" data-id=\"4fce442\" data-element_type=\"widget\" data-widget_type=\"heading.default\">\n\t\t\t\t<div class=\"elementor-widget-container\">\n\t\t\t\t\t<h1 class=\"elementor-heading-title elementor-size-default\">Pol\u00edtica de Cookies<\/h1>\t\t\t\t<\/div>\n\t\t\t\t<\/div>\n\t\t\t\t<div class=\"elementor-element elementor-element-2473319 elementor-widget elementor-widget-text-editor\" data-id=\"2473319\" data-element_type=\"widget\" data-widget_type=\"text-editor.default\">\n\t\t\t\t<div class=\"elementor-widget-container\">\n\t\t\t\t\t\t\t\t\t<h2>O que s\u00e3o Cookies?<\/h2><div data-id=\"698e00e\" data-element_type=\"widget\" data-widget_type=\"text-editor.default\"><div><p>Os cookies s\u00e3o ficheiros de dados de pequena dimens\u00e3o que s\u00e3o instalados no seu computador quando visita um website online. Estes s\u00e3o utilizados para registar determinadas intera\u00e7\u00f5es da navega\u00e7\u00e3o nesse website e armazenar dados que poder\u00e3o ser atualizados e recuperados. Estes ficheiros s\u00e3o armazenados no terminal do utilizador, cont\u00e9m dados an\u00f3nimos e s\u00e3o inofensivos. Os cookies s\u00e3o utilizados para recordar as prefer\u00eancias do utilizador, como o idioma selecionado, os dados de acesso ou a personaliza\u00e7\u00e3o de uma p\u00e1gina.<\/p><p>Os cookies podem tamb\u00e9m ser utilizados para registar informa\u00e7\u00f5es an\u00f3nimas relativos a como o utilizador interage com o website. Neste ponto incluem-se, por exemplo, as p\u00e1ginas a que o utilizador acedeu, se chegou \u00e0 p\u00e1gina atrav\u00e9s de um banner publicit\u00e1rio, etc.<\/p><\/div><\/div><div data-id=\"17557e8\" data-element_type=\"widget\" data-widget_type=\"heading.default\"><div><h2>O website primandproper.pt utiliza cookies porqu\u00ea?<\/h2><\/div><\/div><div data-id=\"21d5fab\" data-element_type=\"widget\" data-widget_type=\"text-editor.default\"><div><p>Prim&amp;Proper utiliza cookies no seu website. Estes s\u00e3o os estritamente necess\u00e1rios e essenciais para conseguir proporcionar uma melhor experi\u00eancia de navega\u00e7\u00e3o ao utilizador. Estes cookies armazenam informa\u00e7\u00f5es como as prefer\u00eancias do utilizador, informa\u00e7\u00f5es relativas ao carrinho de compras e para fornecer dados de rastreamento an\u00f3nimos para aplicativos como o Google Analytics.<\/p><p>Para cumprir a legisla\u00e7\u00e3o em vigor, Prim&amp;Proper \u00a0\u00e9 obrigado a pedir a sua autoriza\u00e7\u00e3o para instalar os nossos cookies. Caso n\u00e3o queira autorizar a sua utiliza\u00e7\u00e3o, o website\u00a0ir\u00e1 utilizar apenas os cookies t\u00e9cnicos, dado que s\u00e3o imprescind\u00edveis para a navega\u00e7\u00e3o no nosso website.<br \/>Neste casos, n\u00e3o ser\u00e3o armazenados cookies no seu computador.<br \/>Caso continue a navegar pelo website sem recusar a utiliza\u00e7\u00e3o de cookies, Prim&amp;Proper considera que aceita a sua utiliza\u00e7\u00e3o.<\/p><p>Queremos recordar que, caso se recuse ou elimine os cookies de navega\u00e7\u00e3o no website, n\u00e3o poderemos manter as suas prefer\u00eancias. Neste caso, algumas carater\u00edsticas das p\u00e1ginas n\u00e3o estar\u00e3o operacionais, n\u00e3o poderemos oferecer-lhe servi\u00e7os personalizados e sempre que navegar pelo nosso website teremos de lhe pedir novamente autoriza\u00e7\u00e3o para a utiliza\u00e7\u00e3o de cookies.<\/p><p>Se mesmo assim decidir modificar a configura\u00e7\u00e3o de acesso ao nosso website, \u00e9 importante que saiba que \u00e9 poss\u00edvel eliminar os cookies ou impedir que se registe esta informa\u00e7\u00e3o no seu computador. Para isso s\u00f3 precisa de modificar os par\u00e2metros de configura\u00e7\u00e3o do seu browser.<\/p><p>Para al\u00e9m disso, a qualquer momento pode retirar o seu consentimento relacionado com a presente Pol\u00edtica de Cookies, eliminando os cookies armazenados no seu computador atrav\u00e9s das op\u00e7\u00f5es de configura\u00e7\u00e3o do seu browser.<\/p><\/div><\/div>\t\t\t\t\t\t\t\t<\/div>\n\t\t\t\t<\/div>\n\t\t\t\t\t<\/div>\n\t\t<\/div>\n\t\t\t\t\t<\/div>\n\t\t<\/section>\n\t\t\t\t<\/div>\n\t\t","protected":false},"excerpt":{"rendered":"<p>Pol\u00edtica de Cookies O que s\u00e3o Cookies? Os cookies s\u00e3o ficheiros de dados de pequena dimens\u00e3o que s\u00e3o instalados no seu computador quando visita um website online. Estes s\u00e3o utilizados para registar determinadas intera\u00e7\u00f5es da navega\u00e7\u00e3o nesse website e armazenar dados que poder\u00e3o ser atualizados e recuperados. Estes ficheiros s\u00e3o armazenados no terminal do utilizador, [&hellip;]<\/p>\n","protected":false},"author":1,"featured_media":0,"parent":0,"menu_order":0,"comment_status":"closed","ping_status":"closed","template":"","meta":{"_acf_changed":false,"footnotes":""},"class_list":["post-3209","page","type-page","status-publish","hentry"],"acf":[],"yoast_head":"<!-- This site is optimized with the Yoast SEO plugin v24.9 - https:\/\/yoast.com\/wordpress\/plugins\/seo\/ -->\n<title>Cookie Policy - Prim and proper<\/title>\n<meta name=\"robots\" content=\"index, follow, max-snippet:-1, max-image-preview:large, max-video-preview:-1\" \/>\n<link rel=\"canonical\" href=\"https:\/\/primandproper.pt\/pt-pt\/cookie-policy\/\" \/>\n<meta property=\"og:locale\" content=\"pt_PT\" \/>\n<meta property=\"og:type\" content=\"article\" \/>\n<meta property=\"og:title\" content=\"Cookie Policy - Prim and proper\" \/>\n<meta property=\"og:description\" content=\"Pol\u00edtica de Cookies O que s\u00e3o Cookies? Os cookies s\u00e3o ficheiros de dados de pequena dimens\u00e3o que s\u00e3o instalados no seu computador quando visita um website online. Estes s\u00e3o utilizados para registar determinadas intera\u00e7\u00f5es da navega\u00e7\u00e3o nesse website e armazenar dados que poder\u00e3o ser atualizados e recuperados. Estes ficheiros s\u00e3o armazenados no terminal do utilizador, [&hellip;]\" \/>\n<meta property=\"og:url\" content=\"https:\/\/primandproper.pt\/pt-pt\/cookie-policy\/\" \/>\n<meta property=\"og:site_name\" content=\"Prim and proper\" \/>\n<meta property=\"article:publisher\" content=\"https:\/\/www.facebook.com\/profile.php?id=100090635821514\" \/>\n<meta property=\"article:modified_time\" content=\"2023-05-25T04:39:47+00:00\" \/>\n<meta name=\"twitter:card\" content=\"summary_large_image\" \/>\n<meta name=\"twitter:label1\" content=\"Tempo estimado de leitura\" \/>\n\t<meta name=\"twitter:data1\" content=\"2 minutos\" \/>\n<script type=\"application\/ld+json\" class=\"yoast-schema-graph\">{\"@context\":\"https:\/\/schema.org\",\"@graph\":[{\"@type\":\"WebPage\",\"@id\":\"https:\/\/primandproper.pt\/pt-pt\/cookie-policy\/\",\"url\":\"https:\/\/primandproper.pt\/pt-pt\/cookie-policy\/\",\"name\":\"Cookie Policy - Prim and proper\",\"isPartOf\":{\"@id\":\"https:\/\/primandproper.pt\/pt-pt\/#website\"},\"datePublished\":\"2023-05-25T04:14:21+00:00\",\"dateModified\":\"2023-05-25T04:39:47+00:00\",\"breadcrumb\":{\"@id\":\"https:\/\/primandproper.pt\/pt-pt\/cookie-policy\/#breadcrumb\"},\"inLanguage\":\"pt-PT\",\"potentialAction\":[{\"@type\":\"ReadAction\",\"target\":[\"https:\/\/primandproper.pt\/pt-pt\/cookie-policy\/\"]}]},{\"@type\":\"BreadcrumbList\",\"@id\":\"https:\/\/primandproper.pt\/pt-pt\/cookie-policy\/#breadcrumb\",\"itemListElement\":[{\"@type\":\"ListItem\",\"position\":1,\"name\":\"Home\",\"item\":\"https:\/\/primandproper.pt\/pt-pt\/\"},{\"@type\":\"ListItem\",\"position\":2,\"name\":\"Cookie Policy\"}]},{\"@type\":\"WebSite\",\"@id\":\"https:\/\/primandproper.pt\/pt-pt\/#website\",\"url\":\"https:\/\/primandproper.pt\/pt-pt\/\",\"name\":\"Primandproper.pt\",\"description\":\"Living well in the heart of the city\",\"publisher\":{\"@id\":\"https:\/\/primandproper.pt\/pt-pt\/#organization\"},\"potentialAction\":[{\"@type\":\"SearchAction\",\"target\":{\"@type\":\"EntryPoint\",\"urlTemplate\":\"https:\/\/primandproper.pt\/pt-pt\/?s={search_term_string}\"},\"query-input\":{\"@type\":\"PropertyValueSpecification\",\"valueRequired\":true,\"valueName\":\"search_term_string\"}}],\"inLanguage\":\"pt-PT\"},{\"@type\":\"Organization\",\"@id\":\"https:\/\/primandproper.pt\/pt-pt\/#organization\",\"name\":\"Prim&proper\",\"url\":\"https:\/\/primandproper.pt\/pt-pt\/\",\"logo\":{\"@type\":\"ImageObject\",\"inLanguage\":\"pt-PT\",\"@id\":\"https:\/\/primandproper.pt\/pt-pt\/#\/schema\/logo\/image\/\",\"url\":\"https:\/\/primandproper.pt\/wp-content\/uploads\/2023\/02\/prim-and-proper-porto-accomodation-logo.png\",\"contentUrl\":\"https:\/\/primandproper.pt\/wp-content\/uploads\/2023\/02\/prim-and-proper-porto-accomodation-logo.png\",\"width\":1242,\"height\":699,\"caption\":\"Prim&proper\"},\"image\":{\"@id\":\"https:\/\/primandproper.pt\/pt-pt\/#\/schema\/logo\/image\/\"},\"sameAs\":[\"https:\/\/www.facebook.com\/profile.php?id=100090635821514\",\"https:\/\/www.instagram.com\/primproperporto\/\",\"https:\/\/www.linkedin.com\/company\/prim-proper\/\"]}]}<\/script>\n<!-- \/ Yoast SEO plugin. -->","yoast_head_json":{"title":"Cookie Policy - Prim and proper","robots":{"index":"index","follow":"follow","max-snippet":"max-snippet:-1","max-image-preview":"max-image-preview:large","max-video-preview":"max-video-preview:-1"},"canonical":"https:\/\/primandproper.pt\/pt-pt\/cookie-policy\/","og_locale":"pt_PT","og_type":"article","og_title":"Cookie Policy - Prim and proper","og_description":"Pol\u00edtica de Cookies O que s\u00e3o Cookies? Os cookies s\u00e3o ficheiros de dados de pequena dimens\u00e3o que s\u00e3o instalados no seu computador quando visita um website online. Estes s\u00e3o utilizados para registar determinadas intera\u00e7\u00f5es da navega\u00e7\u00e3o nesse website e armazenar dados que poder\u00e3o ser atualizados e recuperados. Estes ficheiros s\u00e3o armazenados no terminal do utilizador, [&hellip;]","og_url":"https:\/\/primandproper.pt\/pt-pt\/cookie-policy\/","og_site_name":"Prim and proper","article_publisher":"https:\/\/www.facebook.com\/profile.php?id=100090635821514","article_modified_time":"2023-05-25T04:39:47+00:00","twitter_card":"summary_large_image","twitter_misc":{"Tempo estimado de leitura":"2 minutos"},"schema":{"@context":"https:\/\/schema.org","@graph":[{"@type":"WebPage","@id":"https:\/\/primandproper.pt\/pt-pt\/cookie-policy\/","url":"https:\/\/primandproper.pt\/pt-pt\/cookie-policy\/","name":"Cookie Policy - Prim and proper","isPartOf":{"@id":"https:\/\/primandproper.pt\/pt-pt\/#website"},"datePublished":"2023-05-25T04:14:21+00:00","dateModified":"2023-05-25T04:39:47+00:00","breadcrumb":{"@id":"https:\/\/primandproper.pt\/pt-pt\/cookie-policy\/#breadcrumb"},"inLanguage":"pt-PT","potentialAction":[{"@type":"ReadAction","target":["https:\/\/primandproper.pt\/pt-pt\/cookie-policy\/"]}]},{"@type":"BreadcrumbList","@id":"https:\/\/primandproper.pt\/pt-pt\/cookie-policy\/#breadcrumb","itemListElement":[{"@type":"ListItem","position":1,"name":"Home","item":"https:\/\/primandproper.pt\/pt-pt\/"},{"@type":"ListItem","position":2,"name":"Cookie Policy"}]},{"@type":"WebSite","@id":"https:\/\/primandproper.pt\/pt-pt\/#website","url":"https:\/\/primandproper.pt\/pt-pt\/","name":"Primandproper.pt","description":"Living well in the heart of the city","publisher":{"@id":"https:\/\/primandproper.pt\/pt-pt\/#organization"},"potentialAction":[{"@type":"SearchAction","target":{"@type":"EntryPoint","urlTemplate":"https:\/\/primandproper.pt\/pt-pt\/?s={search_term_string}"},"query-input":{"@type":"PropertyValueSpecification","valueRequired":true,"valueName":"search_term_string"}}],"inLanguage":"pt-PT"},{"@type":"Organization","@id":"https:\/\/primandproper.pt\/pt-pt\/#organization","name":"Prim&proper","url":"https:\/\/primandproper.pt\/pt-pt\/","logo":{"@type":"ImageObject","inLanguage":"pt-PT","@id":"https:\/\/primandproper.pt\/pt-pt\/#\/schema\/logo\/image\/","url":"https:\/\/primandproper.pt\/wp-content\/uploads\/2023\/02\/prim-and-proper-porto-accomodation-logo.png","contentUrl":"https:\/\/primandproper.pt\/wp-content\/uploads\/2023\/02\/prim-and-proper-porto-accomodation-logo.png","width":1242,"height":699,"caption":"Prim&proper"},"image":{"@id":"https:\/\/primandproper.pt\/pt-pt\/#\/schema\/logo\/image\/"},"sameAs":["https:\/\/www.facebook.com\/profile.php?id=100090635821514","https:\/\/www.instagram.com\/primproperporto\/","https:\/\/www.linkedin.com\/company\/prim-proper\/"]}]}},"_links":{"self":[{"href":"https:\/\/primandproper.pt\/pt-pt\/wp-json\/wp\/v2\/pages\/3209","targetHints":{"allow":["GET"]}}],"collection":[{"href":"https:\/\/primandproper.pt\/pt-pt\/wp-json\/wp\/v2\/pages"}],"about":[{"href":"https:\/\/primandproper.pt\/pt-pt\/wp-json\/wp\/v2\/types\/page"}],"author":[{"embeddable":true,"href":"https:\/\/primandproper.pt\/pt-pt\/wp-json\/wp\/v2\/users\/1"}],"replies":[{"embeddable":true,"href":"https:\/\/primandproper.pt\/pt-pt\/wp-json\/wp\/v2\/comments?post=3209"}],"version-history":[{"count":7,"href":"https:\/\/primandproper.pt\/pt-pt\/wp-json\/wp\/v2\/pages\/3209\/revisions"}],"predecessor-version":[{"id":3216,"href":"https:\/\/primandproper.pt\/pt-pt\/wp-json\/wp\/v2\/pages\/3209\/revisions\/3216"}],"wp:attachment":[{"href":"https:\/\/primandproper.pt\/pt-pt\/wp-json\/wp\/v2\/media?parent=3209"}],"curies":[{"name":"wp","href":"https:\/\/api.w.org\/{rel}","templated":true}]}}