{"id":2544,"date":"2023-05-10T14:44:57","date_gmt":"2023-05-10T14:44:57","guid":{"rendered":"https:\/\/primandproper.eudigital.net\/guest-rules\/"},"modified":"2025-01-24T14:02:03","modified_gmt":"2025-01-24T14:02:03","slug":"guest-rules","status":"publish","type":"page","link":"https:\/\/primandproper.pt\/pt-pt\/guest-rules\/","title":{"rendered":"Regras de H\u00f3psede"},"content":{"rendered":"\t\t<div data-elementor-type=\"wp-page\" data-elementor-id=\"2544\" class=\"elementor elementor-2544 elementor-2532\" data-elementor-post-type=\"page\">\n\t\t\t\t\t\t<section class=\"elementor-section elementor-top-section elementor-element elementor-element-a96e98e elementor-section-boxed elementor-section-height-default elementor-section-height-default\" data-id=\"a96e98e\" data-element_type=\"section\" data-settings=\"{&quot;background_background&quot;:&quot;classic&quot;}\">\n\t\t\t\t\t\t<div class=\"elementor-container elementor-column-gap-default\">\n\t\t\t\t\t<div class=\"elementor-column elementor-col-25 elementor-top-column elementor-element elementor-element-d16cdf6\" data-id=\"d16cdf6\" data-element_type=\"column\">\n\t\t\t<div class=\"elementor-widget-wrap\">\n\t\t\t\t\t\t\t<\/div>\n\t\t<\/div>\n\t\t\t\t<div class=\"elementor-column elementor-col-50 elementor-top-column elementor-element elementor-element-a4dbd5e\" data-id=\"a4dbd5e\" data-element_type=\"column\" data-settings=\"{&quot;background_background&quot;:&quot;classic&quot;}\">\n\t\t\t<div class=\"elementor-widget-wrap elementor-element-populated\">\n\t\t\t\t\t\t<div class=\"elementor-element elementor-element-ea74ec6 elementor-widget elementor-widget-heading\" data-id=\"ea74ec6\" data-element_type=\"widget\" data-widget_type=\"heading.default\">\n\t\t\t\t<div class=\"elementor-widget-container\">\n\t\t\t\t\t<h1 class=\"elementor-heading-title elementor-size-default\">Regras de H\u00f3psede<\/h1>\t\t\t\t<\/div>\n\t\t\t\t<\/div>\n\t\t\t\t<div class=\"elementor-element elementor-element-a3a81ab elementor-icon-list--layout-traditional elementor-list-item-link-full_width elementor-widget elementor-widget-icon-list\" data-id=\"a3a81ab\" data-element_type=\"widget\" data-widget_type=\"icon-list.default\">\n\t\t\t\t<div class=\"elementor-widget-container\">\n\t\t\t\t\t\t\t<ul class=\"elementor-icon-list-items\">\n\t\t\t\t\t\t\t<li class=\"elementor-icon-list-item\">\n\t\t\t\t\t\t\t\t\t\t\t<span class=\"elementor-icon-list-icon\">\n\t\t\t\t\t\t\t<i aria-hidden=\"true\" class=\"far fa-circle\"><\/i>\t\t\t\t\t\t<\/span>\n\t\t\t\t\t\t\t\t\t\t<span class=\"elementor-icon-list-text\">N\u00e3o \u00e9 permitido fumar dentro do alojamento local. Em caso de incumprimento o alojamento local cobra uma penaliza\u00e7\u00e3o de acordo com as regras legais.<\/span>\n\t\t\t\t\t\t\t\t\t<\/li>\n\t\t\t\t\t\t\t\t<li class=\"elementor-icon-list-item\">\n\t\t\t\t\t\t\t\t\t\t\t<span class=\"elementor-icon-list-icon\">\n\t\t\t\t\t\t\t<i aria-hidden=\"true\" class=\"far fa-circle\"><\/i>\t\t\t\t\t\t<\/span>\n\t\t\t\t\t\t\t\t\t\t<span class=\"elementor-icon-list-text\">N\u00e3o \u00e9 permitida a entrada a animais de estima\u00e7\u00e3o<\/span>\n\t\t\t\t\t\t\t\t\t<\/li>\n\t\t\t\t\t\t\t\t<li class=\"elementor-icon-list-item\">\n\t\t\t\t\t\t\t\t\t\t\t<span class=\"elementor-icon-list-icon\">\n\t\t\t\t\t\t\t<i aria-hidden=\"true\" class=\"far fa-circle\"><\/i>\t\t\t\t\t\t<\/span>\n\t\t\t\t\t\t\t\t\t\t<span class=\"elementor-icon-list-text\">Estacionamento p\u00fablico sujeito \u00e0s taxas locais<\/span>\n\t\t\t\t\t\t\t\t\t<\/li>\n\t\t\t\t\t\t\t\t<li class=\"elementor-icon-list-item\">\n\t\t\t\t\t\t\t\t\t\t\t<span class=\"elementor-icon-list-icon\">\n\t\t\t\t\t\t\t<i aria-hidden=\"true\" class=\"far fa-circle\"><\/i>\t\t\t\t\t\t<\/span>\n\t\t\t\t\t\t\t\t\t\t<span class=\"elementor-icon-list-text\">N\u00e3o \u00e9 permitida a entrada a menores de 18 anos<\/span>\n\t\t\t\t\t\t\t\t\t<\/li>\n\t\t\t\t\t\t\t\t<li class=\"elementor-icon-list-item\">\n\t\t\t\t\t\t\t\t\t\t\t<span class=\"elementor-icon-list-icon\">\n\t\t\t\t\t\t\t<i aria-hidden=\"true\" class=\"far fa-circle\"><\/i>\t\t\t\t\t\t<\/span>\n\t\t\t\t\t\t\t\t\t\t<span class=\"elementor-icon-list-text\">Estadia m\u00ednima de duas noites<\/span>\n\t\t\t\t\t\t\t\t\t<\/li>\n\t\t\t\t\t\t\t\t<li class=\"elementor-icon-list-item\">\n\t\t\t\t\t\t\t\t\t\t\t<span class=\"elementor-icon-list-icon\">\n\t\t\t\t\t\t\t<i aria-hidden=\"true\" class=\"far fa-circle\"><\/i>\t\t\t\t\t\t<\/span>\n\t\t\t\t\t\t\t\t\t\t<span class=\"elementor-icon-list-text\">Rece\u00e7\u00e3o est\u00e1 aberta 24h por dia<\/span>\n\t\t\t\t\t\t\t\t\t<\/li>\n\t\t\t\t\t\t\t\t<li class=\"elementor-icon-list-item\">\n\t\t\t\t\t\t\t\t\t\t\t<span class=\"elementor-icon-list-icon\">\n\t\t\t\t\t\t\t<i aria-hidden=\"true\" class=\"far fa-circle\"><\/i>\t\t\t\t\t\t<\/span>\n\t\t\t\t\t\t\t\t\t\t<span class=\"elementor-icon-list-text\">Meios de pagamento preferencialmente via multibanco (credit\/debit card)<\/span>\n\t\t\t\t\t\t\t\t\t<\/li>\n\t\t\t\t\t\t\t\t<li class=\"elementor-icon-list-item\">\n\t\t\t\t\t\t\t\t\t\t\t<span class=\"elementor-icon-list-icon\">\n\t\t\t\t\t\t\t<i aria-hidden=\"true\" class=\"far fa-circle\"><\/i>\t\t\t\t\t\t<\/span>\n\t\t\t\t\t\t\t\t\t\t<span class=\"elementor-icon-list-text\">Check-in a partir das 15h<\/span>\n\t\t\t\t\t\t\t\t\t<\/li>\n\t\t\t\t\t\t\t\t<li class=\"elementor-icon-list-item\">\n\t\t\t\t\t\t\t\t\t\t\t<span class=\"elementor-icon-list-icon\">\n\t\t\t\t\t\t\t<i aria-hidden=\"true\" class=\"far fa-circle\"><\/i>\t\t\t\t\t\t<\/span>\n\t\t\t\t\t\t\t\t\t\t<span class=\"elementor-icon-list-text\">Check-out at\u00e9 \u00e0s 12h<\/span>\n\t\t\t\t\t\t\t\t\t<\/li>\n\t\t\t\t\t\t\t\t<li class=\"elementor-icon-list-item\">\n\t\t\t\t\t\t\t\t\t\t\t<span class=\"elementor-icon-list-icon\">\n\t\t\t\t\t\t\t<i aria-hidden=\"true\" class=\"far fa-circle\"><\/i>\t\t\t\t\t\t<\/span>\n\t\t\t\t\t\t\t\t\t\t<span class=\"elementor-icon-list-text\">Taxa tur\u00edstica no valor de 3 euros por pessoa por noite<\/span>\n\t\t\t\t\t\t\t\t\t<\/li>\n\t\t\t\t\t\t\t\t<li class=\"elementor-icon-list-item\">\n\t\t\t\t\t\t\t\t\t\t\t<span class=\"elementor-icon-list-icon\">\n\t\t\t\t\t\t\t<i aria-hidden=\"true\" class=\"far fa-circle\"><\/i>\t\t\t\t\t\t<\/span>\n\t\t\t\t\t\t\t\t\t\t<span class=\"elementor-icon-list-text\">Livro de reclama\u00e7\u00f5es dispon\u00edvel no alojamento local<\/span>\n\t\t\t\t\t\t\t\t\t<\/li>\n\t\t\t\t\t\t\t\t<li class=\"elementor-icon-list-item\">\n\t\t\t\t\t\t\t\t\t\t\t<span class=\"elementor-icon-list-icon\">\n\t\t\t\t\t\t\t<i aria-hidden=\"true\" class=\"far fa-circle\"><\/i>\t\t\t\t\t\t<\/span>\n\t\t\t\t\t\t\t\t\t\t<span class=\"elementor-icon-list-text\">Perda das chaves do alojamento tem um custo de 10 euros<\/span>\n\t\t\t\t\t\t\t\t\t<\/li>\n\t\t\t\t\t\t\t\t<li class=\"elementor-icon-list-item\">\n\t\t\t\t\t\t\t\t\t\t\t<span class=\"elementor-icon-list-icon\">\n\t\t\t\t\t\t\t<i aria-hidden=\"true\" class=\"far fa-circle\"><\/i>\t\t\t\t\t\t<\/span>\n\t\t\t\t\t\t\t\t\t\t<span class=\"elementor-icon-list-text\">As suites s\u00f3 poder\u00e3o ser utilizadas pelos h\u00f3spedes devidamente registados na rece\u00e7\u00e3o com um documento de identifica\u00e7\u00e3o v\u00e1lido<\/span>\n\t\t\t\t\t\t\t\t\t<\/li>\n\t\t\t\t\t\t\t\t<li class=\"elementor-icon-list-item\">\n\t\t\t\t\t\t\t\t\t\t\t<span class=\"elementor-icon-list-icon\">\n\t\t\t\t\t\t\t<i aria-hidden=\"true\" class=\"far fa-circle\"><\/i>\t\t\t\t\t\t<\/span>\n\t\t\t\t\t\t\t\t\t\t<span class=\"elementor-icon-list-text\">Das 21h at\u00e9 \u00e0s 7h \u00e9 o per\u00edodo de paz noturna<\/span>\n\t\t\t\t\t\t\t\t\t<\/li>\n\t\t\t\t\t\t\t\t<li class=\"elementor-icon-list-item\">\n\t\t\t\t\t\t\t\t\t\t\t<span class=\"elementor-icon-list-icon\">\n\t\t\t\t\t\t\t<i aria-hidden=\"true\" class=\"far fa-circle\"><\/i>\t\t\t\t\t\t<\/span>\n\t\t\t\t\t\t\t\t\t\t<span class=\"elementor-icon-list-text\">N\u00e3o \u00e9 permitido incomodar outros h\u00f3spedes<\/span>\n\t\t\t\t\t\t\t\t\t<\/li>\n\t\t\t\t\t\t\t\t<li class=\"elementor-icon-list-item\">\n\t\t\t\t\t\t\t\t\t\t\t<span class=\"elementor-icon-list-icon\">\n\t\t\t\t\t\t\t<i aria-hidden=\"true\" class=\"far fa-circle\"><\/i>\t\t\t\t\t\t<\/span>\n\t\t\t\t\t\t\t\t\t\t<span class=\"elementor-icon-list-text\">Perda das chaves do alojamento tem um custo de 10 euros<\/span>\n\t\t\t\t\t\t\t\t\t<\/li>\n\t\t\t\t\t\t\t\t<li class=\"elementor-icon-list-item\">\n\t\t\t\t\t\t\t\t\t\t\t<span class=\"elementor-icon-list-icon\">\n\t\t\t\t\t\t\t<i aria-hidden=\"true\" class=\"far fa-circle\"><\/i>\t\t\t\t\t\t<\/span>\n\t\t\t\t\t\t\t\t\t\t<span class=\"elementor-icon-list-text\">As suites s\u00f3 poder\u00e3o ser utilizadas pelos h\u00f3spedes devidamente registados na rece\u00e7\u00e3o com um documento de identifica\u00e7\u00e3o v\u00e1lido<\/span>\n\t\t\t\t\t\t\t\t\t<\/li>\n\t\t\t\t\t\t\t\t<li class=\"elementor-icon-list-item\">\n\t\t\t\t\t\t\t\t\t\t\t<span class=\"elementor-icon-list-icon\">\n\t\t\t\t\t\t\t<i aria-hidden=\"true\" class=\"far fa-circle\"><\/i>\t\t\t\t\t\t<\/span>\n\t\t\t\t\t\t\t\t\t\t<span class=\"elementor-icon-list-text\">Das 21h at\u00e9 \u00e0s 7h \u00e9 o per\u00edodo de paz noturna<\/span>\n\t\t\t\t\t\t\t\t\t<\/li>\n\t\t\t\t\t\t\t\t<li class=\"elementor-icon-list-item\">\n\t\t\t\t\t\t\t\t\t\t\t<span class=\"elementor-icon-list-icon\">\n\t\t\t\t\t\t\t<i aria-hidden=\"true\" class=\"far fa-circle\"><\/i>\t\t\t\t\t\t<\/span>\n\t\t\t\t\t\t\t\t\t\t<span class=\"elementor-icon-list-text\">O alojamento local n\u00e3o se responsabiliza por qualquer dano ou perda dos objetos pessoais dos h\u00f3spedes<\/span>\n\t\t\t\t\t\t\t\t\t<\/li>\n\t\t\t\t\t\t\t\t<li class=\"elementor-icon-list-item\">\n\t\t\t\t\t\t\t\t\t\t\t<span class=\"elementor-icon-list-icon\">\n\t\t\t\t\t\t\t<i aria-hidden=\"true\" class=\"far fa-circle\"><\/i>\t\t\t\t\t\t<\/span>\n\t\t\t\t\t\t\t\t\t\t<span class=\"elementor-icon-list-text\">A roupa da cama e as toalhas s\u00e3o mudadas a pedido do h\u00f3spede<\/span>\n\t\t\t\t\t\t\t\t\t<\/li>\n\t\t\t\t\t\t\t\t<li class=\"elementor-icon-list-item\">\n\t\t\t\t\t\t\t\t\t\t\t<span class=\"elementor-icon-list-icon\">\n\t\t\t\t\t\t\t<i aria-hidden=\"true\" class=\"far fa-circle\"><\/i>\t\t\t\t\t\t<\/span>\n\t\t\t\t\t\t\t\t\t\t<span class=\"elementor-icon-list-text\">N\u00e3o \u00e9 permitido levar para o alojamento local explosivos, armas, materiais inflam\u00e1veis ou outros produtos qu\u00edmicos perigosos<\/span>\n\t\t\t\t\t\t\t\t\t<\/li>\n\t\t\t\t\t\t\t\t<li class=\"elementor-icon-list-item\">\n\t\t\t\t\t\t\t\t\t\t\t<span class=\"elementor-icon-list-icon\">\n\t\t\t\t\t\t\t<i aria-hidden=\"true\" class=\"far fa-circle\"><\/i>\t\t\t\t\t\t<\/span>\n\t\t\t\t\t\t\t\t\t\t<span class=\"elementor-icon-list-text\">N\u00e3o \u00e9 permitido utilizar ferro de engomar, placas de aquecimento, aquecedores el\u00e9tricos ou qualquer outro dispositivo de aquecimento<\/span>\n\t\t\t\t\t\t\t\t\t<\/li>\n\t\t\t\t\t\t\t\t<li class=\"elementor-icon-list-item\">\n\t\t\t\t\t\t\t\t\t\t\t<span class=\"elementor-icon-list-icon\">\n\t\t\t\t\t\t\t<i aria-hidden=\"true\" class=\"far fa-circle\"><\/i>\t\t\t\t\t\t<\/span>\n\t\t\t\t\t\t\t\t\t\t<span class=\"elementor-icon-list-text\">Em todos as suites \u00e9 colocada um sinal \u201cn\u00e3o perturbe\u201d. A regra do alojamento local \u00e9 que este sinal n\u00e3o pode ser exibido mais de 24h por dia. Ap\u00f3s esse per\u00edodo, o alojamento local reserva-se do direito e entrar na suite por raz\u00f5es de seguran\u00e7a e prote\u00e7\u00e3o.<\/span>\n\t\t\t\t\t\t\t\t\t<\/li>\n\t\t\t\t\t\t<\/ul>\n\t\t\t\t\t\t<\/div>\n\t\t\t\t<\/div>\n\t\t\t\t\t<\/div>\n\t\t<\/div>\n\t\t\t\t<div class=\"elementor-column elementor-col-25 elementor-top-column elementor-element elementor-element-a1b0461\" data-id=\"a1b0461\" data-element_type=\"column\">\n\t\t\t<div class=\"elementor-widget-wrap\">\n\t\t\t\t\t\t\t<\/div>\n\t\t<\/div>\n\t\t\t\t\t<\/div>\n\t\t<\/section>\n\t\t\t\t<\/div>\n\t\t","protected":false},"excerpt":{"rendered":"<p>Regras de H\u00f3psede N\u00e3o \u00e9 permitido fumar dentro do alojamento local. Em caso de incumprimento o alojamento local cobra uma penaliza\u00e7\u00e3o de acordo com as regras legais. N\u00e3o \u00e9 permitida a entrada a animais de estima\u00e7\u00e3o Estacionamento p\u00fablico sujeito \u00e0s taxas locais N\u00e3o \u00e9 permitida a entrada a menores de 18 anos Estadia m\u00ednima de [&hellip;]<\/p>\n","protected":false},"author":1,"featured_media":0,"parent":0,"menu_order":0,"comment_status":"closed","ping_status":"closed","template":"","meta":{"_acf_changed":false,"footnotes":""},"class_list":["post-2544","page","type-page","status-publish","hentry"],"acf":[],"yoast_head":"<!-- This site is optimized with the Yoast SEO plugin v24.9 - https:\/\/yoast.com\/wordpress\/plugins\/seo\/ -->\n<title>Regras de H\u00f3psede - Prim and proper<\/title>\n<meta name=\"robots\" content=\"index, follow, max-snippet:-1, max-image-preview:large, max-video-preview:-1\" \/>\n<link rel=\"canonical\" href=\"https:\/\/primandproper.pt\/pt-pt\/guest-rules\/\" \/>\n<meta property=\"og:locale\" content=\"pt_PT\" \/>\n<meta property=\"og:type\" content=\"article\" \/>\n<meta property=\"og:title\" content=\"Regras de H\u00f3psede - Prim and proper\" \/>\n<meta property=\"og:description\" content=\"Regras de H\u00f3psede N\u00e3o \u00e9 permitido fumar dentro do alojamento local. Em caso de incumprimento o alojamento local cobra uma penaliza\u00e7\u00e3o de acordo com as regras legais. N\u00e3o \u00e9 permitida a entrada a animais de estima\u00e7\u00e3o Estacionamento p\u00fablico sujeito \u00e0s taxas locais N\u00e3o \u00e9 permitida a entrada a menores de 18 anos Estadia m\u00ednima de [&hellip;]\" \/>\n<meta property=\"og:url\" content=\"https:\/\/primandproper.pt\/pt-pt\/guest-rules\/\" \/>\n<meta property=\"og:site_name\" content=\"Prim and proper\" \/>\n<meta property=\"article:publisher\" content=\"https:\/\/www.facebook.com\/profile.php?id=100090635821514\" \/>\n<meta property=\"article:modified_time\" content=\"2025-01-24T14:02:03+00:00\" \/>\n<meta name=\"twitter:card\" content=\"summary_large_image\" \/>\n<meta name=\"twitter:label1\" content=\"Tempo estimado de leitura\" \/>\n\t<meta name=\"twitter:data1\" content=\"2 minutos\" \/>\n<script type=\"application\/ld+json\" class=\"yoast-schema-graph\">{\"@context\":\"https:\/\/schema.org\",\"@graph\":[{\"@type\":\"WebPage\",\"@id\":\"https:\/\/primandproper.pt\/pt-pt\/guest-rules\/\",\"url\":\"https:\/\/primandproper.pt\/pt-pt\/guest-rules\/\",\"name\":\"Regras de H\u00f3psede - Prim and proper\",\"isPartOf\":{\"@id\":\"https:\/\/primandproper.pt\/pt-pt\/#website\"},\"datePublished\":\"2023-05-10T14:44:57+00:00\",\"dateModified\":\"2025-01-24T14:02:03+00:00\",\"breadcrumb\":{\"@id\":\"https:\/\/primandproper.pt\/pt-pt\/guest-rules\/#breadcrumb\"},\"inLanguage\":\"pt-PT\",\"potentialAction\":[{\"@type\":\"ReadAction\",\"target\":[\"https:\/\/primandproper.pt\/pt-pt\/guest-rules\/\"]}]},{\"@type\":\"BreadcrumbList\",\"@id\":\"https:\/\/primandproper.pt\/pt-pt\/guest-rules\/#breadcrumb\",\"itemListElement\":[{\"@type\":\"ListItem\",\"position\":1,\"name\":\"Home\",\"item\":\"https:\/\/primandproper.pt\/pt-pt\/\"},{\"@type\":\"ListItem\",\"position\":2,\"name\":\"Regras de H\u00f3psede\"}]},{\"@type\":\"WebSite\",\"@id\":\"https:\/\/primandproper.pt\/pt-pt\/#website\",\"url\":\"https:\/\/primandproper.pt\/pt-pt\/\",\"name\":\"Primandproper.pt\",\"description\":\"Living well in the heart of the city\",\"publisher\":{\"@id\":\"https:\/\/primandproper.pt\/pt-pt\/#organization\"},\"potentialAction\":[{\"@type\":\"SearchAction\",\"target\":{\"@type\":\"EntryPoint\",\"urlTemplate\":\"https:\/\/primandproper.pt\/pt-pt\/?s={search_term_string}\"},\"query-input\":{\"@type\":\"PropertyValueSpecification\",\"valueRequired\":true,\"valueName\":\"search_term_string\"}}],\"inLanguage\":\"pt-PT\"},{\"@type\":\"Organization\",\"@id\":\"https:\/\/primandproper.pt\/pt-pt\/#organization\",\"name\":\"Prim&proper\",\"url\":\"https:\/\/primandproper.pt\/pt-pt\/\",\"logo\":{\"@type\":\"ImageObject\",\"inLanguage\":\"pt-PT\",\"@id\":\"https:\/\/primandproper.pt\/pt-pt\/#\/schema\/logo\/image\/\",\"url\":\"https:\/\/primandproper.pt\/wp-content\/uploads\/2023\/02\/prim-and-proper-porto-accomodation-logo.png\",\"contentUrl\":\"https:\/\/primandproper.pt\/wp-content\/uploads\/2023\/02\/prim-and-proper-porto-accomodation-logo.png\",\"width\":1242,\"height\":699,\"caption\":\"Prim&proper\"},\"image\":{\"@id\":\"https:\/\/primandproper.pt\/pt-pt\/#\/schema\/logo\/image\/\"},\"sameAs\":[\"https:\/\/www.facebook.com\/profile.php?id=100090635821514\",\"https:\/\/www.instagram.com\/primproperporto\/\",\"https:\/\/www.linkedin.com\/company\/prim-proper\/\"]}]}<\/script>\n<!-- \/ Yoast SEO plugin. -->","yoast_head_json":{"title":"Regras de H\u00f3psede - Prim and proper","robots":{"index":"index","follow":"follow","max-snippet":"max-snippet:-1","max-image-preview":"max-image-preview:large","max-video-preview":"max-video-preview:-1"},"canonical":"https:\/\/primandproper.pt\/pt-pt\/guest-rules\/","og_locale":"pt_PT","og_type":"article","og_title":"Regras de H\u00f3psede - Prim and proper","og_description":"Regras de H\u00f3psede N\u00e3o \u00e9 permitido fumar dentro do alojamento local. Em caso de incumprimento o alojamento local cobra uma penaliza\u00e7\u00e3o de acordo com as regras legais. N\u00e3o \u00e9 permitida a entrada a animais de estima\u00e7\u00e3o Estacionamento p\u00fablico sujeito \u00e0s taxas locais N\u00e3o \u00e9 permitida a entrada a menores de 18 anos Estadia m\u00ednima de [&hellip;]","og_url":"https:\/\/primandproper.pt\/pt-pt\/guest-rules\/","og_site_name":"Prim and proper","article_publisher":"https:\/\/www.facebook.com\/profile.php?id=100090635821514","article_modified_time":"2025-01-24T14:02:03+00:00","twitter_card":"summary_large_image","twitter_misc":{"Tempo estimado de leitura":"2 minutos"},"schema":{"@context":"https:\/\/schema.org","@graph":[{"@type":"WebPage","@id":"https:\/\/primandproper.pt\/pt-pt\/guest-rules\/","url":"https:\/\/primandproper.pt\/pt-pt\/guest-rules\/","name":"Regras de H\u00f3psede - Prim and proper","isPartOf":{"@id":"https:\/\/primandproper.pt\/pt-pt\/#website"},"datePublished":"2023-05-10T14:44:57+00:00","dateModified":"2025-01-24T14:02:03+00:00","breadcrumb":{"@id":"https:\/\/primandproper.pt\/pt-pt\/guest-rules\/#breadcrumb"},"inLanguage":"pt-PT","potentialAction":[{"@type":"ReadAction","target":["https:\/\/primandproper.pt\/pt-pt\/guest-rules\/"]}]},{"@type":"BreadcrumbList","@id":"https:\/\/primandproper.pt\/pt-pt\/guest-rules\/#breadcrumb","itemListElement":[{"@type":"ListItem","position":1,"name":"Home","item":"https:\/\/primandproper.pt\/pt-pt\/"},{"@type":"ListItem","position":2,"name":"Regras de H\u00f3psede"}]},{"@type":"WebSite","@id":"https:\/\/primandproper.pt\/pt-pt\/#website","url":"https:\/\/primandproper.pt\/pt-pt\/","name":"Primandproper.pt","description":"Living well in the heart of the city","publisher":{"@id":"https:\/\/primandproper.pt\/pt-pt\/#organization"},"potentialAction":[{"@type":"SearchAction","target":{"@type":"EntryPoint","urlTemplate":"https:\/\/primandproper.pt\/pt-pt\/?s={search_term_string}"},"query-input":{"@type":"PropertyValueSpecification","valueRequired":true,"valueName":"search_term_string"}}],"inLanguage":"pt-PT"},{"@type":"Organization","@id":"https:\/\/primandproper.pt\/pt-pt\/#organization","name":"Prim&proper","url":"https:\/\/primandproper.pt\/pt-pt\/","logo":{"@type":"ImageObject","inLanguage":"pt-PT","@id":"https:\/\/primandproper.pt\/pt-pt\/#\/schema\/logo\/image\/","url":"https:\/\/primandproper.pt\/wp-content\/uploads\/2023\/02\/prim-and-proper-porto-accomodation-logo.png","contentUrl":"https:\/\/primandproper.pt\/wp-content\/uploads\/2023\/02\/prim-and-proper-porto-accomodation-logo.png","width":1242,"height":699,"caption":"Prim&proper"},"image":{"@id":"https:\/\/primandproper.pt\/pt-pt\/#\/schema\/logo\/image\/"},"sameAs":["https:\/\/www.facebook.com\/profile.php?id=100090635821514","https:\/\/www.instagram.com\/primproperporto\/","https:\/\/www.linkedin.com\/company\/prim-proper\/"]}]}},"_links":{"self":[{"href":"https:\/\/primandproper.pt\/pt-pt\/wp-json\/wp\/v2\/pages\/2544","targetHints":{"allow":["GET"]}}],"collection":[{"href":"https:\/\/primandproper.pt\/pt-pt\/wp-json\/wp\/v2\/pages"}],"about":[{"href":"https:\/\/primandproper.pt\/pt-pt\/wp-json\/wp\/v2\/types\/page"}],"author":[{"embeddable":true,"href":"https:\/\/primandproper.pt\/pt-pt\/wp-json\/wp\/v2\/users\/1"}],"replies":[{"embeddable":true,"href":"https:\/\/primandproper.pt\/pt-pt\/wp-json\/wp\/v2\/comments?post=2544"}],"version-history":[{"count":8,"href":"https:\/\/primandproper.pt\/pt-pt\/wp-json\/wp\/v2\/pages\/2544\/revisions"}],"predecessor-version":[{"id":4357,"href":"https:\/\/primandproper.pt\/pt-pt\/wp-json\/wp\/v2\/pages\/2544\/revisions\/4357"}],"wp:attachment":[{"href":"https:\/\/primandproper.pt\/pt-pt\/wp-json\/wp\/v2\/media?parent=2544"}],"curies":[{"name":"wp","href":"https:\/\/api.w.org\/{rel}","templated":true}]}}