{"id":2005,"date":"2023-02-07T02:34:05","date_gmt":"2023-02-07T02:34:05","guid":{"rendered":"https:\/\/primandproper.eudigital.net\/?page_id=2005"},"modified":"2023-05-25T04:32:48","modified_gmt":"2023-05-25T04:32:48","slug":"privacy-policy","status":"publish","type":"page","link":"https:\/\/primandproper.pt\/pt-pt\/privacy-policy\/","title":{"rendered":"Privacy Policy"},"content":{"rendered":"\t\t<div data-elementor-type=\"wp-page\" data-elementor-id=\"2005\" class=\"elementor elementor-2005 elementor-3\" data-elementor-post-type=\"page\">\n\t\t\t\t\t\t<section class=\"elementor-section elementor-top-section elementor-element elementor-element-51158e8a elementor-section-boxed elementor-section-height-default elementor-section-height-default\" data-id=\"51158e8a\" data-element_type=\"section\">\n\t\t\t\t\t\t<div class=\"elementor-container elementor-column-gap-default\">\n\t\t\t\t\t<div class=\"elementor-column elementor-col-100 elementor-top-column elementor-element elementor-element-2468eecf\" data-id=\"2468eecf\" data-element_type=\"column\">\n\t\t\t<div class=\"elementor-widget-wrap elementor-element-populated\">\n\t\t\t\t\t\t<div class=\"elementor-element elementor-element-acf19a3 elementor-widget elementor-widget-heading\" data-id=\"acf19a3\" data-element_type=\"widget\" data-widget_type=\"heading.default\">\n\t\t\t\t<div class=\"elementor-widget-container\">\n\t\t\t\t\t<h1 class=\"elementor-heading-title elementor-size-default\">Privacy Policy<\/h1>\t\t\t\t<\/div>\n\t\t\t\t<\/div>\n\t\t\t\t<div class=\"elementor-element elementor-element-528a7d13 elementor-widget elementor-widget-text-editor\" data-id=\"528a7d13\" data-element_type=\"widget\" data-widget_type=\"text-editor.default\">\n\t\t\t\t<div class=\"elementor-widget-container\">\n\t\t\t\t\t\t\t\t\t<div class=\"elementor-element elementor-element-787e7b4 elementor-widget elementor-widget-theme-page-title elementor-page-title elementor-widget-heading\" data-id=\"787e7b4\" data-element_type=\"widget\" data-widget_type=\"theme-page-title.default\">\n<div class=\"elementor-widget-container\">\n<p>Based on the terms of the law, the &#8220;Privacy Code&#8221; (hereinafter the &#8220;Code&#8221;), I hereby inform you, that the information and data provided with your request to contact and subscribe to the newsletter service on the primandproper.pt website will be processed in accordance with the provisions of this Code.<\/p>\n<p>Given the commercial nature of the service requested by the user, the purpose for processing this information is summarised, as follows:<\/p>\n<p>(a) to establish contacts, at the request of interested parties with users and customers who are interested in using the services provided or promoted online by the data controller;<\/p>\n<p>b) allow subscribers to request and receive newsletters from the website via email; these newsletters contain promotional, commercial, or general information, or specific content requested by the user<\/p>\n<p>c) respond to user requests for information about the content of the newsletter and allow data processing to manage the contacts requested by the users.<\/p>\n<p>Given the commercial nature of the service, it is informed that in accordance with Law 5\/2004, Prim&amp;Proper may use the e-mail information supplied to register and request the Newsletter service, without being obliged to request your prior consent. One of the effects of the use of this information is to promote services similar to those for which you have registered. However, you may at any time deny consent to changes of this nature upon receiving any notice (regarding services similar to those for which you are registered), which you send to us in accordance with the foregoing. You may do so by sending an e-mail to the following address: frontdesk@primandproper.pt, and all notices will be cancelled from that moment onwards.<\/p>\n<p>The Newsletter service offered on the site offers users the possibility of providing the e-mail address of third parties who are interested in receiving information and\/or newsletters on their behalf. The user acknowledges that a third party email address is a form of &#8220;personal data&#8221; under current law and that providing the email address of a third party recipient of the commercial message represents a form of processing of personal data for which the user becomes the data controller, assuming all obligations and consequently liability under the law. In this respect, the user guarantees that the e-mail address provided may subsequently be used in the acquisition of the user providing it in full compliance with the rules set out in the Privacy Code. In this regard, the user excludes Prim&amp;Proper fully against any complaint, claim, claim for damages, as a result of the processing, etc. that he may receive from the owner of the e-mail address indicated by the user in violation of the rules of the personal data protection laws.<\/p>\n<p>The se<\/p>\n<\/div>\n<\/div>\t\t\t\t\t\t\t\t<\/div>\n\t\t\t\t<\/div>\n\t\t\t\t<div class=\"elementor-element elementor-element-67baa8d elementor-widget elementor-widget-text-editor\" data-id=\"67baa8d\" data-element_type=\"widget\" data-widget_type=\"text-editor.default\">\n\t\t\t\t<div class=\"elementor-widget-container\">\n\t\t\t\t\t\t\t\t\t<div class=\"elementor-element elementor-element-787e7b4 elementor-widget elementor-widget-theme-page-title elementor-page-title elementor-widget-heading\" data-id=\"787e7b4\" data-element_type=\"widget\" data-widget_type=\"theme-page-title.default\">\n<div class=\"elementor-widget-container\">\n<h1 class=\"elementor-heading-title elementor-size-default\">Pol\u00edtica de Privacidade<\/h1>\n<\/div>\n<\/div>\n<div class=\"elementor-element elementor-element-332f3941 elementor-widget elementor-widget-text-editor\" data-id=\"332f3941\" data-element_type=\"widget\" data-widget_type=\"text-editor.default\">\n<div class=\"elementor-widget-container\">\n<p>Com base nos termos da lei, o \u201cc\u00f3digo de Privacidade\u201d (doravante, o \u201cC\u00f3digo\u201d), informo, que as informa\u00e7\u00f5es e dados fornecidos com o seu pedido de contacto e subscri\u00e7\u00e3o do servi\u00e7o de newsletter no site primandproper.pt ser\u00e3o processados em conformidade com as disposi\u00e7\u00f5es deste C\u00f3digo.<\/p>\n<p>Dada a natureza comercial do servi\u00e7o solicitado pelo utilizador, o objetivo para o processamento desta informa\u00e7\u00e3o \u00e9 resumido, como se segue:<\/p>\n<p>\u00a0<strong>a)<\/strong> estabelecer contactos, a pedido das partes interessadas com os utilizadores e clientes que est\u00e3o interessados em utilizar os servi\u00e7os fornecidos ou promovidos online pelo controlador dos dados;<\/p>\n<p><strong>b)<\/strong> permitir aos assinantes pedir e receber newsletters de not\u00edcias do site atrav\u00e9s de email; estas newsletters cont\u00eam informa\u00e7\u00e3o promocional, comercial, ou geral, ou conte\u00fado espec\u00edfico pedido pelo utilizador<\/p>\n<p><strong>c)<\/strong> responder \u00e0s solicita\u00e7\u00f5es do utilizador para obter informa\u00e7\u00f5es sobre o conte\u00fado da newsletter e permitir o tratamento de dados para gerir os contactos solicitados pelos utilizadores.<\/p>\n<p>Dada a natureza comercial do servi\u00e7o, informa-se que de acordo com a Lei n.\u00ba 5\/2004, Prim&amp;Proper pode utilizar as informa\u00e7\u00f5es de correio eletr\u00f3nico que foi fornecido para registar e solicitar o servi\u00e7o de Newsletter, sem ser obrigada a solicitar o seu consentimento pr\u00e9vio. Um dos efeitos do uso dessas informa\u00e7\u00f5es \u00e9 promover servi\u00e7os semelhantes \u00e0queles para os quais tem registado. No entanto, poder\u00e1 negar em qualquer momento, a autoriza\u00e7\u00e3o para altera\u00e7\u00f5es desta natureza ao receber qualquer aviso (em mat\u00e9ria de servi\u00e7os semelhantes aos do que est\u00e1 inscrito), que lhe envia, nos termos do que precede. Pode faz\u00ea-lo enviando uma mensagem de correio eletr\u00f3nico para o seguinte endere\u00e7o: frontdesk@primandproper.pt, e ser\u00e1 cancelado o envio de todos os avisos a partir desse momento.<\/p>\n<p>O servi\u00e7o de Newsletter oferecido no site oferece aos utilizadores a possibilidade de fornecer o endere\u00e7o de e-mail de terceiros que estejam interessados em receber informa\u00e7\u00f5es e\/ou newsletters em seu nome. O utilizador toma conhecimento de que um terceiro endere\u00e7o de e-mail \u00e9 uma forma de \u201cdados pessoais\u201d, nos termos da lei atual e que o fornecimento do endere\u00e7o de correio eletr\u00f3nico de um terceiro destinat\u00e1rio da mensagem comercial representa uma forma de tratamento de dados pessoais para qual o utilizador se torna o controlador do tratamento dos dados, assumindo todas as obriga\u00e7\u00f5es e consequentemente responsabilidade nos termos da lei. A este respeito, o utilizador garante que o endere\u00e7o de e-mail fornecido pode ser posteriormente utilizado na aquisi\u00e7\u00e3o do utilizador que a fornece em plena conformidade com as regras estabelecidas no C\u00f3digo de Privacidade. A este respeito, o utilizador exclui Prim&amp;Proper totalmente contra qualquer queixa, reclama\u00e7\u00e3o, pedido de indemniza\u00e7\u00e3o, em consequ\u00eancia do tratamento, etc. que possa receber do propriet\u00e1rio do e-mail indicado pelo utilizador em viola\u00e7\u00e3o das regras das leis de prote\u00e7\u00e3o de dados pessoais.<\/p>\n<p>Os seus dados pessoais tamb\u00e9m podem ser comunicados \u2013 al\u00e9m dos casos onde este an\u00fancio \u00e9 legalmente obrigat\u00f3rio \u2013 para os subcontratados, cujos servi\u00e7os s\u00e3o necess\u00e1rios e estritamente relacionados com a presta\u00e7\u00e3o dos servi\u00e7os para o qual est\u00e1 registado. Os seus dados n\u00e3o ser\u00e3o divulgados.<\/p>\n<p>Igualmente informa-se as pessoas ou classes de pessoas a quem os seus dados pessoais podem ser comunicados ou divulgados como processadores de dados, e exclusivamente para as finalidades supra-mencionadas: funcion\u00e1rios de Prim&amp;Proper e os t\u00e9cnicos inform\u00e1ticos que operam os seus servidores.<\/p>\n<p>Informa-se que o fornecimento dos seus dados pessoais para todas as finalidades listadas acima \u00e9 opcional, mas n\u00e3o pode fornecer-lhes a impossibilidade de prestar os servi\u00e7os solicitados e\/ou informa\u00e7\u00e3o.<\/p>\n<p>O controlador dos dados \u00e9 ++++++++++++++ \u00a0com sede na +++++++++++++++++++++.<\/p>\n<p>Informa-se que certas tecnologias e\/ou t\u00e9cnicas no Website criadas para aceder a informa\u00e7\u00f5es armazenadas no terminal de um assinante ou utilizador a fim de armazenar informa\u00e7\u00f5es ou monitorizar opera\u00e7\u00f5es do utilizador que ser\u00e3o utilizados exclusivamente para o armazenamento t\u00e9cnico leg\u00edtimo dos dados, e apenas durante o tempo estritamente necess\u00e1rio para comunicar ou fornecer as respostas solicitadas. Informa-se ainda que poder\u00e1 sempre desativar estes acompanhamentos de navega\u00e7\u00e3o web\/sistemas de marca\u00e7\u00e3o ao modificar as configura\u00e7\u00f5es do seu browser, e que se pode opor a este tipo de tratamento ao notificar o tratamento dos dados.<\/p>\n<p>As pessoas a quem se referem os dados pessoais podem obter a confirma\u00e7\u00e3o, a qualquer momento que esses dados existam ou n\u00e3o, e informa\u00e7\u00f5es sobre o seu conte\u00fado e origem, a fim de verificar se s\u00e3o exatas, ou solicitar que eles sejam atualizados, modificados ou corrigidos.<\/p>\n<p>Nos termos desta cl\u00e1usula, os utilizadores t\u00eam o direito de solicitar o cancelamento, a altera\u00e7\u00e3o em forma an\u00f3nima ou o bloqueio dos dados processados em viola\u00e7\u00e3o da lei, e se opor ao seu tratamento por raz\u00f5es leg\u00edtimas, em qualquer caso.<\/p>\n<p>Os pedidos ser\u00e3o feitos ao processador dos dados sem procedimentos formais emitindo uma observa\u00e7\u00e3o ao endere\u00e7o f\u00edsico aplic\u00e1vel.<\/p>\n<\/div>\n<\/div>\n<div class=\"elementor-element elementor-element-5d9d1025 elementor-widget elementor-widget-text-editor\" data-id=\"5d9d1025\" data-element_type=\"widget\" data-widget_type=\"text-editor.default\">\n<div class=\"elementor-widget-container\">\n<p><strong><em>AVISO<\/em><\/strong><\/p>\n<p><em>As informa\u00e7\u00f5es contidas nas Newsletters s\u00e3o obtidas a partir de fontes externas, fornecidas apenas para a conveni\u00eancia dos utilizadores, e n\u00e3o exaustiva. Esta informa\u00e7\u00e3o n\u00e3o pode ser interpretada como a express\u00e3o de uma opini\u00e3o ou uma sugest\u00e3o ou premissa para a tomada de decis\u00f5es. Prim&amp;Proper n\u00e3o pode ser responsabilizado por qualquer uso de Newsletters ou por quaisquer atos\u00a0ou omiss\u00f5es cometidos em consequ\u00eancia das informa\u00e7\u00f5es neles contidas, sem primeiro solicitar explica\u00e7\u00f5es espec\u00edficas ou opini\u00f5es de Prim&amp;Proper a este respeito.<\/em><\/p>\n<p><em>Todas as marcas, nomes comerciais, e todas as outras marcas distintivas publicadas nas newsletters s\u00e3o propriedade exclusiva dos controladores de dados e est\u00e3o protegidas por leis nacionais e internacionais que regulam a prote\u00e7\u00e3o\u00a0dos direitos de propriedade intelectual e industrial. Todas as viola\u00e7\u00f5es desses direitos devem ser processadas sob a lei. O conte\u00fado das Newsletters e contribui\u00e7\u00f5es publicadas nas mesmas continuam a ser propriedade dos seus autores. Prim&amp;Proper n\u00e3o pode ser responsabilizado por qualquer viola\u00e7\u00e3o de direitos de autor pelos utilizadores registados no servi\u00e7o de Newsletters.<\/em><\/p>\n<p><em>O utilizador compromete-se a utilizar o servi\u00e7o de Newsletter para fins leg\u00edtimos, e continua a ser totalmente respons\u00e1vel por qualquer utiliza\u00e7\u00e3o ilegal ou viola\u00e7\u00e3o de leis e regulamentos aplic\u00e1veis \u00e0s informa\u00e7\u00f5es, dados, etc. relacionados com o servi\u00e7o.<\/em><\/p>\n<\/div>\n<\/div>\t\t\t\t\t\t\t\t<\/div>\n\t\t\t\t<\/div>\n\t\t\t\t\t<\/div>\n\t\t<\/div>\n\t\t\t\t\t<\/div>\n\t\t<\/section>\n\t\t\t\t<\/div>\n\t\t","protected":false},"excerpt":{"rendered":"<p>Based on the terms of the law, the &#8220;Privacy Code&#8221; (hereinafter the &#8220;Code&#8221;), I hereby inform you, that the information and data provided with your request to contact and subscribe to the newsletter service on the primandproper.pt website will be processed in accordance with the provisions of this Code. Given the commercial nature of the [&hellip;]<\/p>\n","protected":false},"author":1,"featured_media":0,"parent":0,"menu_order":0,"comment_status":"closed","ping_status":"open","template":"","meta":{"_acf_changed":false,"footnotes":""},"class_list":["post-2005","page","type-page","status-publish","hentry"],"acf":[],"yoast_head":"<!-- This site is optimized with the Yoast SEO plugin v24.9 - https:\/\/yoast.com\/wordpress\/plugins\/seo\/ -->\n<title>Privacy Policy - Prim and proper<\/title>\n<meta name=\"robots\" content=\"index, follow, max-snippet:-1, max-image-preview:large, max-video-preview:-1\" \/>\n<link rel=\"canonical\" href=\"https:\/\/primandproper.pt\/pt-pt\/privacy-policy\/\" \/>\n<meta property=\"og:locale\" content=\"pt_PT\" \/>\n<meta property=\"og:type\" content=\"article\" \/>\n<meta property=\"og:title\" content=\"Privacy Policy - Prim and proper\" \/>\n<meta property=\"og:description\" content=\"Based on the terms of the law, the &#8220;Privacy Code&#8221; (hereinafter the &#8220;Code&#8221;), I hereby inform you, that the information and data provided with your request to contact and subscribe to the newsletter service on the primandproper.pt website will be processed in accordance with the provisions of this Code. Given the commercial nature of the [&hellip;]\" \/>\n<meta property=\"og:url\" content=\"https:\/\/primandproper.pt\/pt-pt\/privacy-policy\/\" \/>\n<meta property=\"og:site_name\" content=\"Prim and proper\" \/>\n<meta property=\"article:publisher\" content=\"https:\/\/www.facebook.com\/profile.php?id=100090635821514\" \/>\n<meta property=\"article:modified_time\" content=\"2023-05-25T04:32:48+00:00\" \/>\n<meta name=\"twitter:card\" content=\"summary_large_image\" \/>\n<meta name=\"twitter:label1\" content=\"Tempo estimado de leitura\" \/>\n\t<meta name=\"twitter:data1\" content=\"8 minutos\" \/>\n<script type=\"application\/ld+json\" class=\"yoast-schema-graph\">{\"@context\":\"https:\/\/schema.org\",\"@graph\":[{\"@type\":\"WebPage\",\"@id\":\"https:\/\/primandproper.pt\/pt-pt\/privacy-policy\/\",\"url\":\"https:\/\/primandproper.pt\/pt-pt\/privacy-policy\/\",\"name\":\"Privacy Policy - Prim and proper\",\"isPartOf\":{\"@id\":\"https:\/\/primandproper.pt\/pt-pt\/#website\"},\"datePublished\":\"2023-02-07T02:34:05+00:00\",\"dateModified\":\"2023-05-25T04:32:48+00:00\",\"breadcrumb\":{\"@id\":\"https:\/\/primandproper.pt\/pt-pt\/privacy-policy\/#breadcrumb\"},\"inLanguage\":\"pt-PT\",\"potentialAction\":[{\"@type\":\"ReadAction\",\"target\":[\"https:\/\/primandproper.pt\/pt-pt\/privacy-policy\/\"]}]},{\"@type\":\"BreadcrumbList\",\"@id\":\"https:\/\/primandproper.pt\/pt-pt\/privacy-policy\/#breadcrumb\",\"itemListElement\":[{\"@type\":\"ListItem\",\"position\":1,\"name\":\"Home\",\"item\":\"https:\/\/primandproper.pt\/pt-pt\/\"},{\"@type\":\"ListItem\",\"position\":2,\"name\":\"Privacy Policy\"}]},{\"@type\":\"WebSite\",\"@id\":\"https:\/\/primandproper.pt\/pt-pt\/#website\",\"url\":\"https:\/\/primandproper.pt\/pt-pt\/\",\"name\":\"Primandproper.pt\",\"description\":\"Living well in the heart of the city\",\"publisher\":{\"@id\":\"https:\/\/primandproper.pt\/pt-pt\/#organization\"},\"potentialAction\":[{\"@type\":\"SearchAction\",\"target\":{\"@type\":\"EntryPoint\",\"urlTemplate\":\"https:\/\/primandproper.pt\/pt-pt\/?s={search_term_string}\"},\"query-input\":{\"@type\":\"PropertyValueSpecification\",\"valueRequired\":true,\"valueName\":\"search_term_string\"}}],\"inLanguage\":\"pt-PT\"},{\"@type\":\"Organization\",\"@id\":\"https:\/\/primandproper.pt\/pt-pt\/#organization\",\"name\":\"Prim&proper\",\"url\":\"https:\/\/primandproper.pt\/pt-pt\/\",\"logo\":{\"@type\":\"ImageObject\",\"inLanguage\":\"pt-PT\",\"@id\":\"https:\/\/primandproper.pt\/pt-pt\/#\/schema\/logo\/image\/\",\"url\":\"https:\/\/primandproper.pt\/wp-content\/uploads\/2023\/02\/prim-and-proper-porto-accomodation-logo.png\",\"contentUrl\":\"https:\/\/primandproper.pt\/wp-content\/uploads\/2023\/02\/prim-and-proper-porto-accomodation-logo.png\",\"width\":1242,\"height\":699,\"caption\":\"Prim&proper\"},\"image\":{\"@id\":\"https:\/\/primandproper.pt\/pt-pt\/#\/schema\/logo\/image\/\"},\"sameAs\":[\"https:\/\/www.facebook.com\/profile.php?id=100090635821514\",\"https:\/\/www.instagram.com\/primproperporto\/\",\"https:\/\/www.linkedin.com\/company\/prim-proper\/\"]}]}<\/script>\n<!-- \/ Yoast SEO plugin. -->","yoast_head_json":{"title":"Privacy Policy - Prim and proper","robots":{"index":"index","follow":"follow","max-snippet":"max-snippet:-1","max-image-preview":"max-image-preview:large","max-video-preview":"max-video-preview:-1"},"canonical":"https:\/\/primandproper.pt\/pt-pt\/privacy-policy\/","og_locale":"pt_PT","og_type":"article","og_title":"Privacy Policy - Prim and proper","og_description":"Based on the terms of the law, the &#8220;Privacy Code&#8221; (hereinafter the &#8220;Code&#8221;), I hereby inform you, that the information and data provided with your request to contact and subscribe to the newsletter service on the primandproper.pt website will be processed in accordance with the provisions of this Code. Given the commercial nature of the [&hellip;]","og_url":"https:\/\/primandproper.pt\/pt-pt\/privacy-policy\/","og_site_name":"Prim and proper","article_publisher":"https:\/\/www.facebook.com\/profile.php?id=100090635821514","article_modified_time":"2023-05-25T04:32:48+00:00","twitter_card":"summary_large_image","twitter_misc":{"Tempo estimado de leitura":"8 minutos"},"schema":{"@context":"https:\/\/schema.org","@graph":[{"@type":"WebPage","@id":"https:\/\/primandproper.pt\/pt-pt\/privacy-policy\/","url":"https:\/\/primandproper.pt\/pt-pt\/privacy-policy\/","name":"Privacy Policy - Prim and proper","isPartOf":{"@id":"https:\/\/primandproper.pt\/pt-pt\/#website"},"datePublished":"2023-02-07T02:34:05+00:00","dateModified":"2023-05-25T04:32:48+00:00","breadcrumb":{"@id":"https:\/\/primandproper.pt\/pt-pt\/privacy-policy\/#breadcrumb"},"inLanguage":"pt-PT","potentialAction":[{"@type":"ReadAction","target":["https:\/\/primandproper.pt\/pt-pt\/privacy-policy\/"]}]},{"@type":"BreadcrumbList","@id":"https:\/\/primandproper.pt\/pt-pt\/privacy-policy\/#breadcrumb","itemListElement":[{"@type":"ListItem","position":1,"name":"Home","item":"https:\/\/primandproper.pt\/pt-pt\/"},{"@type":"ListItem","position":2,"name":"Privacy Policy"}]},{"@type":"WebSite","@id":"https:\/\/primandproper.pt\/pt-pt\/#website","url":"https:\/\/primandproper.pt\/pt-pt\/","name":"Primandproper.pt","description":"Living well in the heart of the city","publisher":{"@id":"https:\/\/primandproper.pt\/pt-pt\/#organization"},"potentialAction":[{"@type":"SearchAction","target":{"@type":"EntryPoint","urlTemplate":"https:\/\/primandproper.pt\/pt-pt\/?s={search_term_string}"},"query-input":{"@type":"PropertyValueSpecification","valueRequired":true,"valueName":"search_term_string"}}],"inLanguage":"pt-PT"},{"@type":"Organization","@id":"https:\/\/primandproper.pt\/pt-pt\/#organization","name":"Prim&proper","url":"https:\/\/primandproper.pt\/pt-pt\/","logo":{"@type":"ImageObject","inLanguage":"pt-PT","@id":"https:\/\/primandproper.pt\/pt-pt\/#\/schema\/logo\/image\/","url":"https:\/\/primandproper.pt\/wp-content\/uploads\/2023\/02\/prim-and-proper-porto-accomodation-logo.png","contentUrl":"https:\/\/primandproper.pt\/wp-content\/uploads\/2023\/02\/prim-and-proper-porto-accomodation-logo.png","width":1242,"height":699,"caption":"Prim&proper"},"image":{"@id":"https:\/\/primandproper.pt\/pt-pt\/#\/schema\/logo\/image\/"},"sameAs":["https:\/\/www.facebook.com\/profile.php?id=100090635821514","https:\/\/www.instagram.com\/primproperporto\/","https:\/\/www.linkedin.com\/company\/prim-proper\/"]}]}},"_links":{"self":[{"href":"https:\/\/primandproper.pt\/pt-pt\/wp-json\/wp\/v2\/pages\/2005","targetHints":{"allow":["GET"]}}],"collection":[{"href":"https:\/\/primandproper.pt\/pt-pt\/wp-json\/wp\/v2\/pages"}],"about":[{"href":"https:\/\/primandproper.pt\/pt-pt\/wp-json\/wp\/v2\/types\/page"}],"author":[{"embeddable":true,"href":"https:\/\/primandproper.pt\/pt-pt\/wp-json\/wp\/v2\/users\/1"}],"replies":[{"embeddable":true,"href":"https:\/\/primandproper.pt\/pt-pt\/wp-json\/wp\/v2\/comments?post=2005"}],"version-history":[{"count":25,"href":"https:\/\/primandproper.pt\/pt-pt\/wp-json\/wp\/v2\/pages\/2005\/revisions"}],"predecessor-version":[{"id":3208,"href":"https:\/\/primandproper.pt\/pt-pt\/wp-json\/wp\/v2\/pages\/2005\/revisions\/3208"}],"wp:attachment":[{"href":"https:\/\/primandproper.pt\/pt-pt\/wp-json\/wp\/v2\/media?parent=2005"}],"curies":[{"name":"wp","href":"https:\/\/api.w.org\/{rel}","templated":true}]}}